{"id":205,"date":"2026-04-28T18:54:41","date_gmt":"2026-04-28T18:54:41","guid":{"rendered":"https:\/\/www.novopiscines.ca\/?page_id=205"},"modified":"2026-04-28T19:46:40","modified_gmt":"2026-04-28T19:46:40","slug":"about","status":"publish","type":"page","link":"https:\/\/www.novopiscines.ca\/fr\/about\/","title":{"rendered":"\u00c0 propos"},"content":{"rendered":"<div data-elementor-type=\"wp-post\" data-elementor-id=\"205\" class=\"elementor elementor-205\" data-elementor-post-type=\"page\">\n\t\t\t\t<div class=\"elementor-element elementor-element-239ad8b3 e-con-full e-flex e-con e-parent\" data-id=\"239ad8b3\" data-element_type=\"container\" data-e-type=\"container\">\n\t\t<div class=\"elementor-element elementor-element-3646ad0e e-con-full e-flex e-con e-child\" data-id=\"3646ad0e\" data-element_type=\"container\" data-e-type=\"container\">\n\t\t\t\t<div class=\"elementor-element elementor-element-55036e7f elementor-widget elementor-widget-heading\" data-id=\"55036e7f\" data-element_type=\"widget\" data-e-type=\"widget\" data-widget_type=\"heading.default\">\n\t\t\t\t\t<h1 class=\"elementor-heading-title elementor-size-default\">\u00c0 Propos<\/h1>\t\t\t\t<\/div>\n\t\t\t\t<div class=\"elementor-element elementor-element-615efa07 elementor-widget elementor-widget-text-editor\" data-id=\"615efa07\" data-element_type=\"widget\" data-e-type=\"widget\" data-widget_type=\"text-editor.default\">\n\t\t\t\t\t\t\t\t\t<p><b data-path-to-node=\"4\" data-index-in-node=\"0\">De la Toyota Corolla aux professionnels de confiance de Montr\u00e9al<\/b>\u00a0<\/p><p>Fond\u00e9e en 2021, <em>Piscines Novo<\/em> est n\u00e9e d'une vision partag\u00e9e entre deux amis de longue date et du r\u00eave de faire briller chaque piscine \u00e0 Montr\u00e9al. Pendant que l'un de nous terminait ses \u00e9tudes en commerce, l'autre perfectionnait l'aspect technique de l'industrie. Nous n'avons pas commenc\u00e9 avec une flotte de camions, mais bien avec quelques outils rang\u00e9s \u00e0 l'arri\u00e8re d'une Corolla et une \u00e9thique de travail infatigable. Chaque dollar gagn\u00e9 a \u00e9t\u00e9 r\u00e9investi dans de meilleurs \u00e9quipements et une \u00e9quipe plus solide, nous permettant de passer d'un duo d\u00e9termin\u00e9 aux experts en services complets de piscine que nous sommes aujourd'hui.<\/p>\t\t\t\t\t\t\t\t<\/div>\n\t\t\t\t<\/div>\n\t\t<div class=\"elementor-element elementor-element-4def8544 e-con-full e-flex e-con e-child\" data-id=\"4def8544\" data-element_type=\"container\" data-e-type=\"container\">\n\t\t\t\t<div class=\"elementor-element elementor-element-7f8fff92 elementor-widget elementor-widget-image\" data-id=\"7f8fff92\" data-element_type=\"widget\" data-e-type=\"widget\" data-widget_type=\"image.default\">\n\t\t\t\t\t\t\t\t\t\t\t\t\t\t\t<img fetchpriority=\"high\" decoding=\"async\" width=\"800\" height=\"534\" src=\"https:\/\/i0.wp.com\/www.novopiscines.ca\/wp-content\/uploads\/2026\/04\/pexels-tima-miroshnichenko-6196685-scaled.jpg?fit=800%2C534&amp;quality=89&amp;ssl=1\" class=\"attachment-large size-large wp-image-216\" alt=\"\" srcset=\"https:\/\/i0.wp.com\/www.novopiscines.ca\/wp-content\/uploads\/2026\/04\/pexels-tima-miroshnichenko-6196685-scaled.jpg?w=2560&amp;quality=89&amp;ssl=1 2560w, https:\/\/i0.wp.com\/www.novopiscines.ca\/wp-content\/uploads\/2026\/04\/pexels-tima-miroshnichenko-6196685-scaled.jpg?resize=300%2C200&amp;quality=89&amp;ssl=1 300w, https:\/\/i0.wp.com\/www.novopiscines.ca\/wp-content\/uploads\/2026\/04\/pexels-tima-miroshnichenko-6196685-scaled.jpg?resize=1024%2C683&amp;quality=89&amp;ssl=1 1024w, https:\/\/i0.wp.com\/www.novopiscines.ca\/wp-content\/uploads\/2026\/04\/pexels-tima-miroshnichenko-6196685-scaled.jpg?resize=768%2C512&amp;quality=89&amp;ssl=1 768w, https:\/\/i0.wp.com\/www.novopiscines.ca\/wp-content\/uploads\/2026\/04\/pexels-tima-miroshnichenko-6196685-scaled.jpg?resize=1536%2C1024&amp;quality=89&amp;ssl=1 1536w, https:\/\/i0.wp.com\/www.novopiscines.ca\/wp-content\/uploads\/2026\/04\/pexels-tima-miroshnichenko-6196685-scaled.jpg?resize=2048%2C1366&amp;quality=89&amp;ssl=1 2048w, https:\/\/i0.wp.com\/www.novopiscines.ca\/wp-content\/uploads\/2026\/04\/pexels-tima-miroshnichenko-6196685-scaled.jpg?w=1600&amp;quality=89&amp;ssl=1 1600w, https:\/\/i0.wp.com\/www.novopiscines.ca\/wp-content\/uploads\/2026\/04\/pexels-tima-miroshnichenko-6196685-scaled.jpg?w=2400&amp;quality=89&amp;ssl=1 2400w\" sizes=\"(max-width: 800px) 100vw, 800px\" title=\"\">\t\t\t\t\t\t\t\t\t\t\t\t\t\t\t<\/div>\n\t\t\t\t<\/div>\n\t\t\t\t<\/div>\n\t\t<div class=\"elementor-element elementor-element-56037b3a e-flex e-con-boxed e-con e-parent\" data-id=\"56037b3a\" data-element_type=\"container\" data-e-type=\"container\">\n\t\t\t\t\t<div class=\"e-con-inner\">\n\t\t<div class=\"elementor-element elementor-element-9fdf7ee e-con-full e-flex e-con e-child\" data-id=\"9fdf7ee\" data-element_type=\"container\" data-e-type=\"container\">\n\t\t\t\t<div class=\"elementor-element elementor-element-5c485483 elementor-widget elementor-widget-image\" data-id=\"5c485483\" data-element_type=\"widget\" data-e-type=\"widget\" data-widget_type=\"image.default\">\n\t\t\t\t\t\t\t\t\t\t\t\t\t\t\t<img decoding=\"async\" width=\"800\" height=\"534\" src=\"https:\/\/i0.wp.com\/www.novopiscines.ca\/wp-content\/uploads\/2026\/04\/pexels-tima-miroshnichenko-6195895-scaled.jpg?fit=800%2C534&amp;quality=89&amp;ssl=1\" class=\"attachment-large size-large wp-image-217\" alt=\"\" srcset=\"https:\/\/i0.wp.com\/www.novopiscines.ca\/wp-content\/uploads\/2026\/04\/pexels-tima-miroshnichenko-6195895-scaled.jpg?w=2560&amp;quality=89&amp;ssl=1 2560w, https:\/\/i0.wp.com\/www.novopiscines.ca\/wp-content\/uploads\/2026\/04\/pexels-tima-miroshnichenko-6195895-scaled.jpg?resize=300%2C200&amp;quality=89&amp;ssl=1 300w, https:\/\/i0.wp.com\/www.novopiscines.ca\/wp-content\/uploads\/2026\/04\/pexels-tima-miroshnichenko-6195895-scaled.jpg?resize=1024%2C683&amp;quality=89&amp;ssl=1 1024w, https:\/\/i0.wp.com\/www.novopiscines.ca\/wp-content\/uploads\/2026\/04\/pexels-tima-miroshnichenko-6195895-scaled.jpg?resize=768%2C512&amp;quality=89&amp;ssl=1 768w, https:\/\/i0.wp.com\/www.novopiscines.ca\/wp-content\/uploads\/2026\/04\/pexels-tima-miroshnichenko-6195895-scaled.jpg?resize=1536%2C1024&amp;quality=89&amp;ssl=1 1536w, https:\/\/i0.wp.com\/www.novopiscines.ca\/wp-content\/uploads\/2026\/04\/pexels-tima-miroshnichenko-6195895-scaled.jpg?resize=2048%2C1365&amp;quality=89&amp;ssl=1 2048w, https:\/\/i0.wp.com\/www.novopiscines.ca\/wp-content\/uploads\/2026\/04\/pexels-tima-miroshnichenko-6195895-scaled.jpg?w=1600&amp;quality=89&amp;ssl=1 1600w, https:\/\/i0.wp.com\/www.novopiscines.ca\/wp-content\/uploads\/2026\/04\/pexels-tima-miroshnichenko-6195895-scaled.jpg?w=2400&amp;quality=89&amp;ssl=1 2400w\" sizes=\"(max-width: 800px) 100vw, 800px\" title=\"\">\t\t\t\t\t\t\t\t\t\t\t\t\t\t\t<\/div>\n\t\t\t\t<\/div>\n\t\t<div class=\"elementor-element elementor-element-3f0eb734 e-con-full e-flex e-con e-child\" data-id=\"3f0eb734\" data-element_type=\"container\" data-e-type=\"container\" data-settings=\"{&quot;background_background&quot;:&quot;gradient&quot;}\">\n\t\t\t\t<div class=\"elementor-element elementor-element-29c39224 elementor-widget elementor-widget-heading\" data-id=\"29c39224\" data-element_type=\"widget\" data-e-type=\"widget\" data-widget_type=\"heading.default\">\n\t\t\t\t\t<h2 class=\"elementor-heading-title elementor-size-default\">Notre Mission<\/h2>\t\t\t\t<\/div>\n\t\t\t\t<div class=\"elementor-element elementor-element-4ed608ba elementor-widget elementor-widget-text-editor\" data-id=\"4ed608ba\" data-element_type=\"widget\" data-e-type=\"widget\" data-widget_type=\"text-editor.default\">\n\t\t\t\t\t\t\t\t\t<p data-path-to-node=\"6\"><b data-path-to-node=\"6\" data-index-in-node=\"0\">B\u00e2tir la confiance \u00e0 travers chaque r\u00e9paration et r\u00e9novation<\/b><\/p><p data-path-to-node=\"6\">Notre mission est simple : offrir aux propri\u00e9taires montr\u00e9alais un service sur lequel ils peuvent compter sans h\u00e9sitation. Nous croyons qu'une piscine ne devrait pas \u00eatre seulement fonctionnelle; elle devrait \u00eatre une source de fiert\u00e9. Nous ne sommes pas seulement ici pour r\u00e9parer des \u00e9quipements ou \u00e9quilibrer des produits chimiques, nous sommes ici pour b\u00e2tir des relations durables gr\u00e2ce \u00e0 la transparence, l'expertise technique et le d\u00e9vouement \u00e0 faire le travail correctement du premier coup.<\/p>\t\t\t\t\t\t\t\t<\/div>\n\t\t\t\t<\/div>\n\t\t\t\t\t<\/div>\n\t\t\t\t<\/div>\n\t\t<div class=\"elementor-element elementor-element-154f3fdd e-flex e-con-boxed e-con e-parent\" data-id=\"154f3fdd\" data-element_type=\"container\" data-e-type=\"container\">\n\t\t\t\t\t<div class=\"e-con-inner\">\n\t\t<div class=\"elementor-element elementor-element-7678687c e-con-full e-flex e-con e-child\" data-id=\"7678687c\" data-element_type=\"container\" data-e-type=\"container\">\n\t\t\t\t<div class=\"elementor-element elementor-element-5b850037 elementor-widget elementor-widget-heading\" data-id=\"5b850037\" data-element_type=\"widget\" data-e-type=\"widget\" data-widget_type=\"heading.default\">\n\t\t\t\t\t<h2 class=\"elementor-heading-title elementor-size-default\">Pourquoi nous choisir<\/h2>\t\t\t\t<\/div>\n\t\t\t\t<div class=\"elementor-element elementor-element-4971c004 elementor-widget elementor-widget-text-editor\" data-id=\"4971c004\" data-element_type=\"widget\" data-e-type=\"widget\" data-widget_type=\"text-editor.default\">\n\t\t\t\t\t\t\t\t\t<p data-path-to-node=\"8\"><b data-path-to-node=\"8\" data-index-in-node=\"0\">L'\u00e9quilibre parfait entre comp\u00e9tence et service<\/b><\/p><p data-path-to-node=\"8\">Ce qui distingue Piscines Novo, c'est notre m\u00e9lange unique de ma\u00eetrise technique et de gestion ax\u00e9e sur le client. Nous combinons un service de qualit\u00e9 sup\u00e9rieure avec une approche moderne de la satisfaction client. En nous choisissant, vous optez pour :<\/p><ul data-path-to-node=\"9\"><li><p data-path-to-node=\"9,0,0\"><b data-path-to-node=\"9,0,0\" data-index-in-node=\"0\">Expertise \u00e9prouv\u00e9e:<\/b> Des ann\u00e9es d'exp\u00e9rience pratique en entretien et en r\u00e9novation compl\u00e8te de piscines.<\/p><\/li><li><p data-path-to-node=\"9,1,0\"><b data-path-to-node=\"9,1,0\" data-index-in-node=\"0\">D\u00e9vouement local:<\/b> Une entreprise d'ici qui traite chaque piscine comme si elle appartenait \u00e0 un voisin.<\/p><\/li><li><p data-path-to-node=\"9,2,0\"><b data-path-to-node=\"9,2,0\" data-index-in-node=\"0\">Qualit\u00e9 in\u00e9gal\u00e9e:<\/b> Nous avons modernis\u00e9 nos outils et nos \u00e9quipements selon les normes les plus \u00e9lev\u00e9es pour garantir des r\u00e9sultats de premier plan \u00e0 chaque client.<\/p><\/li><\/ul>\t\t\t\t\t\t\t\t<\/div>\n\t\t\t\t<\/div>\n\t\t<div class=\"elementor-element elementor-element-f7e4278 e-con-full e-flex e-con e-child\" data-id=\"f7e4278\" data-element_type=\"container\" data-e-type=\"container\">\n\t\t\t\t<div class=\"elementor-element elementor-element-bafea06 elementor-widget elementor-widget-image\" data-id=\"bafea06\" data-element_type=\"widget\" data-e-type=\"widget\" data-widget_type=\"image.default\">\n\t\t\t\t\t\t\t\t\t\t\t\t\t\t\t<img fetchpriority=\"high\" decoding=\"async\" width=\"800\" height=\"534\" src=\"https:\/\/i0.wp.com\/www.novopiscines.ca\/wp-content\/uploads\/2026\/04\/pexels-tima-miroshnichenko-6196685-scaled.jpg?fit=800%2C534&amp;quality=89&amp;ssl=1\" class=\"attachment-large size-large wp-image-216\" alt=\"\" srcset=\"https:\/\/i0.wp.com\/www.novopiscines.ca\/wp-content\/uploads\/2026\/04\/pexels-tima-miroshnichenko-6196685-scaled.jpg?w=2560&amp;quality=89&amp;ssl=1 2560w, https:\/\/i0.wp.com\/www.novopiscines.ca\/wp-content\/uploads\/2026\/04\/pexels-tima-miroshnichenko-6196685-scaled.jpg?resize=300%2C200&amp;quality=89&amp;ssl=1 300w, https:\/\/i0.wp.com\/www.novopiscines.ca\/wp-content\/uploads\/2026\/04\/pexels-tima-miroshnichenko-6196685-scaled.jpg?resize=1024%2C683&amp;quality=89&amp;ssl=1 1024w, https:\/\/i0.wp.com\/www.novopiscines.ca\/wp-content\/uploads\/2026\/04\/pexels-tima-miroshnichenko-6196685-scaled.jpg?resize=768%2C512&amp;quality=89&amp;ssl=1 768w, https:\/\/i0.wp.com\/www.novopiscines.ca\/wp-content\/uploads\/2026\/04\/pexels-tima-miroshnichenko-6196685-scaled.jpg?resize=1536%2C1024&amp;quality=89&amp;ssl=1 1536w, https:\/\/i0.wp.com\/www.novopiscines.ca\/wp-content\/uploads\/2026\/04\/pexels-tima-miroshnichenko-6196685-scaled.jpg?resize=2048%2C1366&amp;quality=89&amp;ssl=1 2048w, https:\/\/i0.wp.com\/www.novopiscines.ca\/wp-content\/uploads\/2026\/04\/pexels-tima-miroshnichenko-6196685-scaled.jpg?w=1600&amp;quality=89&amp;ssl=1 1600w, https:\/\/i0.wp.com\/www.novopiscines.ca\/wp-content\/uploads\/2026\/04\/pexels-tima-miroshnichenko-6196685-scaled.jpg?w=2400&amp;quality=89&amp;ssl=1 2400w\" sizes=\"(max-width: 800px) 100vw, 800px\" title=\"\">\t\t\t\t\t\t\t\t\t\t\t\t\t\t\t<\/div>\n\t\t\t\t<\/div>\n\t\t\t\t\t<\/div>\n\t\t\t\t<\/div>\n\t\t<div class=\"elementor-element elementor-element-54b9c70 e-flex e-con-boxed e-con e-parent\" data-id=\"54b9c70\" data-element_type=\"container\" data-e-type=\"container\" data-settings=\"{&quot;background_background&quot;:&quot;classic&quot;}\">\n\t\t\t\t\t<div class=\"e-con-inner\">\n\t\t\t\t<div class=\"elementor-element elementor-element-56d03f37 elementor-widget elementor-widget-heading\" data-id=\"56d03f37\" data-element_type=\"widget\" data-e-type=\"widget\" data-widget_type=\"heading.default\">\n\t\t\t\t\t<h3 class=\"elementor-heading-title elementor-size-default\">Pr\u00eat \u00e0 devenir notre prochain client satisfait?<\/h3>\t\t\t\t<\/div>\n\t\t\t\t<div class=\"elementor-element elementor-element-418893e3 elementor-widget elementor-widget-text-editor\" data-id=\"418893e3\" data-element_type=\"widget\" data-e-type=\"widget\" data-widget_type=\"text-editor.default\">\n\t\t\t\t\t\t\t\t\t<p>Contactez-nous pour voir comment nous pouvons r\u00e9pondre \u00e0 vos besoins.<\/p>\t\t\t\t\t\t\t\t<\/div>\n\t\t\t\t<div class=\"elementor-element elementor-element-61cfe277 elementor-align-center elementor-mobile-align-center elementor-widget elementor-widget-button\" data-id=\"61cfe277\" data-element_type=\"widget\" data-e-type=\"widget\" data-widget_type=\"button.default\">\n\t\t\t\t\t\t\t\t\t\t<a class=\"elementor-button elementor-button-link elementor-size-sm\" href=\"https:\/\/www.novopiscines.ca\/fr\/contact\/\">\n\t\t\t\t\t\t<span class=\"elementor-button-content-wrapper\">\n\t\t\t\t\t\t\t\t\t<span class=\"elementor-button-text\">Nous joindre<\/span>\n\t\t\t\t\t<\/span>\n\t\t\t\t\t<\/a>\n\t\t\t\t\t\t\t\t<\/div>\n\t\t\t\t\t<\/div>\n\t\t\t\t<\/div>\n\t\t\t\t<\/div>","protected":false},"excerpt":{"rendered":"<p>About Us\u200b From a Toyota Corolla to Montreal\u2019s Trusted Professionals\u00a0 Founded in 2021, Novo Pools began with little more than a shared vision between two lifelong friends and a dream to make every pool in Montreal shine. While one of us was navigating business school, the other was mastering the technical side of the industry. [&hellip;]<\/p>\n","protected":false},"author":4,"featured_media":0,"parent":0,"menu_order":0,"comment_status":"closed","ping_status":"closed","template":"","meta":{"_angie_page":false,"footnotes":""},"class_list":["post-205","page","type-page","status-publish","hentry"],"jetpack_sharing_enabled":true,"_links":{"self":[{"href":"https:\/\/www.novopiscines.ca\/fr\/wp-json\/wp\/v2\/pages\/205","targetHints":{"allow":["GET"]}}],"collection":[{"href":"https:\/\/www.novopiscines.ca\/fr\/wp-json\/wp\/v2\/pages"}],"about":[{"href":"https:\/\/www.novopiscines.ca\/fr\/wp-json\/wp\/v2\/types\/page"}],"author":[{"embeddable":true,"href":"https:\/\/www.novopiscines.ca\/fr\/wp-json\/wp\/v2\/users\/4"}],"replies":[{"embeddable":true,"href":"https:\/\/www.novopiscines.ca\/fr\/wp-json\/wp\/v2\/comments?post=205"}],"version-history":[{"count":23,"href":"https:\/\/www.novopiscines.ca\/fr\/wp-json\/wp\/v2\/pages\/205\/revisions"}],"predecessor-version":[{"id":246,"href":"https:\/\/www.novopiscines.ca\/fr\/wp-json\/wp\/v2\/pages\/205\/revisions\/246"}],"wp:attachment":[{"href":"https:\/\/www.novopiscines.ca\/fr\/wp-json\/wp\/v2\/media?parent=205"}],"curies":[{"name":"wp","href":"https:\/\/api.w.org\/{rel}","templated":true}]}}